{"id":154,"date":"2021-05-02T16:26:29","date_gmt":"2021-05-02T16:26:29","guid":{"rendered":"https:\/\/fwg-borken.de\/wp\/?page_id=154"},"modified":"2021-05-02T16:26:29","modified_gmt":"2021-05-02T16:26:29","slug":"gremien","status":"publish","type":"page","link":"https:\/\/fwg-borken.de\/wp\/?page_id=154","title":{"rendered":"Gremien"},"content":{"rendered":"\n<hr class=\"wp-block-separator has-text-color has-background has-luminous-vivid-amber-background-color has-luminous-vivid-amber-color is-style-wide\"\/>\n\n\n\n<p class=\"has-text-color has-medium-font-size\" style=\"color:#143e91\"><strong>Hier finden sie aktuelle Informationen aus den Gremien, sowie unsere Mandatstr\u00e4ger in den jeweiligen Gremien.<\/strong><\/p>\n\n\n\n<ul class=\"has-text-color has-medium-font-size wp-block-list\" style=\"color:#143e91\"><li>Magistrat<\/li><li>Stadtverordnetenversammlung<\/li><li>Haupt- und Finanzausschuss<\/li><li>Ausschuss f\u00fcr Bauen, Planen und Umwelt<\/li><li>Ausschuss f\u00fcr Soziales, Kultur und Sport<\/li><\/ul>\n\n\n\n<p class=\"has-medium-font-size\"><\/p>\n","protected":false},"excerpt":{"rendered":"<p>Hier finden sie aktuelle Informationen aus den Gremien, sowie unsere Mandatstr\u00e4ger in den jeweiligen Gremien. Magistrat Stadtverordnetenversammlung Haupt- und Finanzausschuss Ausschuss f\u00fcr Bauen, Planen und Umwelt Ausschuss f\u00fcr Soziales, Kultur und Sport<\/p>\n","protected":false},"author":1,"featured_media":0,"parent":0,"menu_order":0,"comment_status":"closed","ping_status":"closed","template":"","meta":{"footnotes":""},"class_list":["post-154","page","type-page","status-publish","hentry"],"jetpack_sharing_enabled":true,"_links":{"self":[{"href":"https:\/\/fwg-borken.de\/wp\/index.php?rest_route=\/wp\/v2\/pages\/154","targetHints":{"allow":["GET"]}}],"collection":[{"href":"https:\/\/fwg-borken.de\/wp\/index.php?rest_route=\/wp\/v2\/pages"}],"about":[{"href":"https:\/\/fwg-borken.de\/wp\/index.php?rest_route=\/wp\/v2\/types\/page"}],"author":[{"embeddable":true,"href":"https:\/\/fwg-borken.de\/wp\/index.php?rest_route=\/wp\/v2\/users\/1"}],"replies":[{"embeddable":true,"href":"https:\/\/fwg-borken.de\/wp\/index.php?rest_route=%2Fwp%2Fv2%2Fcomments&post=154"}],"version-history":[{"count":1,"href":"https:\/\/fwg-borken.de\/wp\/index.php?rest_route=\/wp\/v2\/pages\/154\/revisions"}],"predecessor-version":[{"id":155,"href":"https:\/\/fwg-borken.de\/wp\/index.php?rest_route=\/wp\/v2\/pages\/154\/revisions\/155"}],"wp:attachment":[{"href":"https:\/\/fwg-borken.de\/wp\/index.php?rest_route=%2Fwp%2Fv2%2Fmedia&parent=154"}],"curies":[{"name":"wp","href":"https:\/\/api.w.org\/{rel}","templated":true}]}}