{"id":231,"date":"2021-05-02T17:43:11","date_gmt":"2021-05-02T17:43:11","guid":{"rendered":"https:\/\/fwg-borken.de\/wp\/?page_id=231"},"modified":"2025-09-08T17:47:08","modified_gmt":"2025-09-08T15:47:08","slug":"datenschutz","status":"publish","type":"page","link":"https:\/\/fwg-borken.de\/wp\/?page_id=231","title":{"rendered":"Datenschutz"},"content":{"rendered":"<h1>Datenschutzerkl\u00e4rung<\/h1>\n<p>Verantwortlicher im Sinne der Datenschutzgesetze, insbesondere der EU-Datenschutzgrundverordnung (DSGVO), ist:<\/p>\n<p>FWG-Stadtverband Borken (Hessen)<\/p>\n<p>Betreuer der Website:<\/p>\n<p>Julian Bachmann<\/p>\n<p>Wiesenweg 4<\/p>\n<p>34582 Borken (Hessen)<\/p>\n<p>Mail: kontakt@fwg-borken.de<\/p>\n<h2>Ihre Betroffenenrechte<\/h2>\n<p>Unter den angegebenen Kontaktdaten unseres Datenschutzbeauftragten k\u00f6nnen Sie jederzeit folgende Rechte aus\u00fcben:<\/p>\n<ul>\n<li>Auskunft \u00fcber Ihre bei uns gespeicherten Daten und deren Verarbeitung (Art. 15 DSGVO),<\/li>\n<li>Berichtigung unrichtiger personenbezogener Daten (Art. 16 DSGVO),<\/li>\n<li>L\u00f6schung Ihrer bei uns gespeicherten Daten (Art. 17 DSGVO),<\/li>\n<li>Einschr\u00e4nkung der Datenverarbeitung, sofern wir Ihre Daten aufgrund gesetzlicher Pflichten noch nicht l\u00f6schen d\u00fcrfen (Art. 18 DSGVO),<\/li>\n<li>Widerspruch gegen die Verarbeitung Ihrer Daten bei uns (Art. 21 DSGVO) und<\/li>\n<li>Daten\u00fcbertragbarkeit, sofern Sie in die Datenverarbeitung eingewilligt haben oder einen Vertrag mit uns abgeschlossen haben (Art. 20 DSGVO).<\/li>\n<\/ul>\n<p>Sofern Sie uns eine Einwilligung erteilt haben, k\u00f6nnen Sie diese jederzeit mit Wirkung f\u00fcr die Zukunft widerrufen.<\/p>\n<p>Sie k\u00f6nnen sich jederzeit mit einer Beschwerde an eine Aufsichtsbeh\u00f6rde wenden, z. B. an die zust\u00e4ndige Aufsichtsbeh\u00f6rde des Bundeslands Ihres Wohnsitzes oder an die f\u00fcr uns als verantwortliche Stelle zust\u00e4ndige Beh\u00f6rde.<\/p>\n<p>Eine Liste der Aufsichtsbeh\u00f6rden (f\u00fcr den nicht\u00f6ffentlichen Bereich) mit Anschrift finden Sie unter: <a href=\"https:\/\/www.bfdi.bund.de\/DE\/Infothek\/Anschriften_Links\/anschriften_links-node.html\" target=\"_blank\" rel=\"nofollow noopener\">https:\/\/www.bfdi.bund.de\/DE\/Infothek\/Anschriften_Links\/anschriften_links-node.html<\/a>.<\/p>\n<h2>Cookies<\/h2>\n<p>Wie viele andere Webseiten verwenden wir auch so genannte \u201eCookies\u201c. Bei Cookies handelt es sich um kleine Textdateien, die auf Ihrem Endger\u00e4t (Laptop, Tablet, Smartphone o.\u00e4.) gespeichert werden, wenn Sie unsere Webseite besuchen.<\/p>\n<p>Sie k\u00f6nnen Sie einzelne Cookies oder den gesamten Cookie-Bestand l\u00f6schen. Dar\u00fcber hinaus erhalten Sie Informationen und Anleitungen, wie diese Cookies gel\u00f6scht oder deren Speicherung vorab blockiert werden k\u00f6nnen. Je nach Anbieter Ihres Browsers finden Sie die notwendigen Informationen unter den nachfolgenden Links:<\/p>\n<ul>\n<li>Mozilla Firefox: <a href=\"https:\/\/support.mozilla.org\/de\/kb\/cookies-loeschen-daten-von-websites-entfernen\" target=\"_blank\" rel=\"nofollow noopener\">https:\/\/support.mozilla.org\/de\/kb\/cookies-loeschen-daten-von-websites-entfernen<\/a><\/li>\n<li>Internet Explorer: <a href=\"https:\/\/support.microsoft.com\/de-de\/help\/17442\/windows-internet-explorer-delete-manage-cookies\" target=\"_blank\" rel=\"nofollow noopener\">https:\/\/support.microsoft.com\/de-de\/help\/17442\/windows-internet-explorer-delete-manage-cookies<\/a><\/li>\n<li>Google Chrome: <a href=\"https:\/\/support.google.com\/accounts\/answer\/61416?hl=de\" target=\"_blank\" rel=\"nofollow noopener\">https:\/\/support.google.com\/accounts\/answer\/61416?hl=de<\/a><\/li>\n<li>Opera: <a href=\"http:\/\/www.opera.com\/de\/help\" target=\"_blank\" rel=\"nofollow noopener\">http:\/\/www.opera.com\/de\/help<\/a><\/li>\n<li>Safari: <a href=\"https:\/\/support.apple.com\/kb\/PH17191?locale=de_DE&amp;viewlocale=de_DE\" target=\"_blank\" rel=\"nofollow noopener\">https:\/\/support.apple.com\/kb\/PH17191?locale=de_DE&amp;viewlocale=de_DE<\/a><\/li>\n<\/ul>\n<h3>Speicherdauer und eingesetzte Cookies:<\/h3>\n<p>Soweit Sie uns durch Ihre Browsereinstellungen oder Zustimmung die Verwendung von Cookies erlauben, k\u00f6nnen folgende Cookies auf unseren Webseiten zum Einsatz kommen:<\/p>\n<p>Notwendige Cookies 12 Monate<\/p>\n<p>Leistungs- oder Perfomance Cookies 12 Monate<\/p>\n<h2>Technisch notwendige Cookies<\/h2>\n<h3>Art und Zweck der Verarbeitung:<\/h3>\n<p>Wir setzen Cookies ein, um unsere Website nutzerfreundlicher zu gestalten. Einige Elemente unserer Internetseite erfordern es, dass der aufrufende Browser auch nach einem Seitenwechsel identifiziert werden kann.<\/p>\n<p>Der Zweck der Verwendung technisch notwendiger Cookies ist, die Nutzung von Websites f\u00fcr die Nutzer zu vereinfachen. Einige Funktionen unserer Internetseite k\u00f6nnen ohne den Einsatz von Cookies nicht angeboten werden. F\u00fcr diese ist es erforderlich, dass der Browser auch nach einem Seitenwechsel wiedererkannt wird.<\/p>\n<p>F\u00fcr folgende Anwendungen ben\u00f6tigen wir Cookies:<\/p>\n<h3>Rechtsgrundlage und berechtigtes Interesse:<\/h3>\n<p>Die Verarbeitung erfolgt gem\u00e4\u00df Art. 6 Abs. 1 lit. f DSGVO auf Basis unseres berechtigten Interesses an einer nutzerfreundlichen Gestaltung unserer Website.<\/p>\n<h3>Empf\u00e4nger:<\/h3>\n<p>Empf\u00e4nger der Daten sind ggf. technische Dienstleister, die f\u00fcr den Betrieb und die Wartung unserer Website als Auftragsverarbeiter t\u00e4tig werden.<\/p>\n<h3>Drittlandtransfer:<\/h3>\n<p>Die erhobenen Daten werden ggfs. in folgende Drittl\u00e4nder \u00fcbertragen:<\/p>\n<p>Nein<\/p>\n<p>Folgende Datenschutzgarantien liegen vor:<\/p>\n<h3>Bereitstellung vorgeschrieben oder erforderlich:<\/h3>\n<p>Die Bereitstellung der vorgenannten personenbezogenen Daten ist weder gesetzlich noch vertraglich vorgeschrieben. Ohne diese Daten ist jedoch der Dienst und die Funktionsf\u00e4higkeit unserer Website nicht gew\u00e4hrleistet. Zudem k\u00f6nnen einzelne Dienste und Services nicht verf\u00fcgbar oder eingeschr\u00e4nkt sein.<\/p>\n<h3>Widerspruch<\/h3>\n<p>Lesen Sie dazu die Informationen \u00fcber Ihr Widerspruchsrecht nach Art. 21 DSGVO weiter unten.<\/p>\n<h2>Technisch nicht notwendige Cookies<\/h2>\n<p>Des Weiteren setzen wir Cookies ein, um das Angebot auf unserer Website besser auf die Interessen unserer Besucher abzustimmen oder auf Basis statistischer Auswertungen allgemein zu verbessern.<\/p>\n<p>Welche Anbieter Cookies setzen, entnehmen Sie bitte den unten aufgef\u00fchrten Informationen zu den eingesetzten Darstellungs-, Tracking-, Remarketing- und Webanalyse-Technologien.<\/p>\n<h3>Rechtsgrundlage:<\/h3>\n<p>Rechtsgrundlage f\u00fcr diese Verarbeitungen ist jeweils Ihre Einwilligung, Art. 6 Abs. 1 lit. a DSGVO.<\/p>\n<h3>Empf\u00e4nger:<\/h3>\n<p>Empf\u00e4nger der Daten sind ggf. technische Dienstleister, die f\u00fcr den Betrieb und die Wartung unserer Website als Auftragsverarbeiter t\u00e4tig werden.<\/p>\n<p>Weitere Empf\u00e4nger entnehmen Sie bitte den unten aufgef\u00fchrten Informationen zu den eingesetzten Darstellungs-, Tracking-, Remarketing- und Webanalyse-Technologien.<\/p>\n<h3>Drittlandtransfer:<\/h3>\n<p>Informationen hierzu entnehmen Sie bitte aus den Auflistungen der einzelnen Darstellungs-, Tracking-, Remarketing- und Webanalyse-Anbietern.<\/p>\n<h3>Bereitstellung vorgeschrieben oder erforderlich:<\/h3>\n<p>Nat\u00fcrlich k\u00f6nnen Sie unsere Website grunds\u00e4tzlich auch ohne Cookies betrachten. Webbrowser sind regelm\u00e4\u00dfig so eingestellt, dass sie Cookies akzeptieren. Im Allgemeinen k\u00f6nnen Sie die Verwendung von Cookies jederzeit \u00fcber die Einstellungen Ihres Browsers deaktivieren (siehe Widerruf der Einwilligung).<\/p>\n<p>Bitte beachten Sie, dass einzelne Funktionen unserer Website m\u00f6glicherweise nicht funktionieren, wenn Sie die Verwendung von Cookies deaktiviert haben.<\/p>\n<h3>Widerruf der Einwilligung:<\/h3>\n<p>Sie k\u00f6nnen Ihre Einwilligung jederzeit \u00fcber unser Cookie-Consent-Tool widerrufen.<\/p>\n<h3>Profiling:<\/h3>\n<p>Inwiefern wir das Verhalten von Websitebesuchern mit pseudonymisierten Nutzerprofilen analysieren, entnehmen Sie bitte den unten aufgef\u00fchrten Informationen zu den eingesetzten Darstellungs-, Tracking-, Remarketing- und Webanalyse-Technologien.<\/p>\n<h2>Kommentarfunktion<\/h2>\n<h3>Art und Zweck der Verarbeitung:<\/h3>\n<p>Wenn Nutzer Kommentare auf unserer Website hinterlassen, werden neben diesen Angaben auch der Zeitpunkt ihrer Erstellung und der zuvor durch den Websitebesucher gew\u00e4hlte Nutzername gespeichert. Dies dient unserer Sicherheit, da wir f\u00fcr widerrechtliche Inhalte auf unserer Webseite belangt werden k\u00f6nnen, auch wenn diese durch Benutzer erstellt wurden.<\/p>\n<h3>Rechtsgrundlage:<\/h3>\n<p>Die Verarbeitung der als Kommentar eingegebenen Daten erfolgt auf der Grundlage eines berechtigten Interesses (Art. 6 Abs. 1 lit. f DSGVO).<\/p>\n<p>Durch Bereitstellung der Kommentarfunktion m\u00f6chten wir Ihnen eine unkomplizierte Interaktion erm\u00f6glichen. Ihre gemachten Angaben werden zum Zwecke der Bearbeitung der Anfrage sowie f\u00fcr m\u00f6gliche Anschlussfragen gespeichert.<\/p>\n<h3>Empf\u00e4nger:<\/h3>\n<p>Empf\u00e4nger der Daten sind ggf. Auftragsverarbeiter.<\/p>\n<h3>Drittlandtransfer:<\/h3>\n<p>Die erhobenen Daten werden ggfs. in folgende Drittl\u00e4nder \u00fcbertragen:<\/p>\n<p>Nein<\/p>\n<p>Folgende Datenschutzgarantien liegen vor:<\/p>\n<h3>Speicherdauer:<\/h3>\n<p>Die Daten werden gel\u00f6scht, sobald diese f\u00fcr den Zweck der Erhebung nicht mehr erforderlich sind. Dies ist grunds\u00e4tzlich der Fall, wenn die Kommunikation mit dem Nutzer abgeschlossen ist und das Unternehmen den Umst\u00e4nden entnehmen kann, dass der betroffene Sachverhalt abschlie\u00dfend gekl\u00e4rt ist. Wir behalten uns die L\u00f6schung ohne Angaben von Gr\u00fcnden und ohne vorherige oder nachtr\u00e4gliche Information vor.<\/p>\n<p>Au\u00dferdem k\u00f6nnen Sie Ihren Kommentar jederzeit durch uns l\u00f6schen lassen. Schreiben Sie daf\u00fcr bitte eine E-Mail an den unten aufgef\u00fchrten Datenschutzbeauftragten bzw. die f\u00fcr den Datenschutz zust\u00e4ndige Person und \u00fcbermitteln den Link zu Ihrem Kommentar sowie zu Identifikationszwecken die bei der Erstellung des Kommentars verwendete E-Mail-Adresse.<\/p>\n<h3>Bereitstellung vorgeschrieben oder erforderlich:<\/h3>\n<p>Die Bereitstellung Ihrer personenbezogenen Daten erfolgt freiwillig. Ohne die Bereitstellung Ihrer personenbezogenen Daten k\u00f6nnen wir Ihnen keinen Zugang zu unserer Kommentarfunktion gew\u00e4hren.<\/p>\n<h2>Kontaktformular<\/h2>\n<h3>Art und Zweck der Verarbeitung:<\/h3>\n<p>Die von Ihnen eingegebenen Daten werden zum Zweck der individuellen Kommunikation mit Ihnen gespeichert. Hierf\u00fcr ist die Angabe einer validen E-Mail-Adresse sowie Ihres Namens erforderlich. Diese dient der Zuordnung der Anfrage und der anschlie\u00dfenden Beantwortung derselben. Die Angabe weiterer Daten ist optional.<\/p>\n<h3>Rechtsgrundlage:<\/h3>\n<p>Die Verarbeitung der in das Kontaktformular eingegebenen Daten erfolgt auf der Grundlage eines berechtigten Interesses (Art. 6 Abs. 1 lit. f DSGVO).<\/p>\n<p>Durch Bereitstellung des Kontaktformulars m\u00f6chten wir Ihnen eine unkomplizierte Kontaktaufnahme erm\u00f6glichen. Ihre gemachten Angaben werden zum Zwecke der Bearbeitung der Anfrage sowie f\u00fcr m\u00f6gliche Anschlussfragen gespeichert.<\/p>\n<p>Sofern Sie mit uns Kontakt aufnehmen, um ein Angebot zu erfragen, erfolgt die Verarbeitung der in das Kontaktformular eingegebenen Daten zur Durchf\u00fchrung vorvertraglicher Ma\u00dfnahmen (Art. 6 Abs. 1 lit. b DSGVO).<\/p>\n<h3>Empf\u00e4nger:<\/h3>\n<p>Empf\u00e4nger der Daten sind ggf. Auftragsverarbeiter.<\/p>\n<h3>Drittlandtransfer:<\/h3>\n<p>Die erhobenen Daten werden ggfs. in folgende Drittl\u00e4nder \u00fcbertragen:<\/p>\n<p>Nein<\/p>\n<p>Folgende Datenschutzgarantien liegen vor:<\/p>\n<h3>Speicherdauer:<\/h3>\n<p>Daten werden sp\u00e4testens 6 Monate nach Bearbeitung der Anfrage gel\u00f6scht.<\/p>\n<p>Sofern es zu einem Vertragsverh\u00e4ltnis kommt, unterliegen wir den gesetzlichen Aufbewahrungsfristen nach HGB und l\u00f6schen Ihre Daten nach Ablauf dieser Fristen.<\/p>\n<h3>Bereitstellung vorgeschrieben oder erforderlich:<\/h3>\n<p>Die Bereitstellung Ihrer personenbezogenen Daten erfolgt freiwillig. Wir k\u00f6nnen Ihre Anfrage jedoch nur bearbeiten, sofern Sie uns Ihren Namen, Ihre E-Mail-Adresse und den Grund der Anfrage mitteilen.<\/p>\n<h2>Verwendung von Google Analytics<\/h2>\n<p>Soweit Sie ihre Einwilligung gegeben haben, wird auf dieser Website Google Analytics eingesetzt, ein Webanalysedienst der Google LLC, 1600 Amphitheatre Parkway, Mountain View, CA 94043 USA (nachfolgend: \u201eGoogle\u201c). Google Analytics verwendet sog. \u201eCookies\u201c, also Textdateien, die auf Ihrem Computer gespeichert werden und die eine Analyse der Benutzung der Webseite durch Sie erm\u00f6glichen. Die durch das Cookie erzeugten Informationen \u00fcber Ihre Benutzung dieser Webseite werden in der Regel an einen Server von Google in den USA \u00fcbertragen und dort gespeichert. Aufgrund der Aktivierung der IP-Anonymisierung auf diesen Webseiten, wird Ihre IP-Adresse von Google jedoch innerhalb von Mitgliedstaaten der Europ\u00e4ischen Union oder in anderen Vertragsstaaten des Abkommens \u00fcber den Europ\u00e4ischen Wirtschaftsraum zuvor gek\u00fcrzt. Nur in Ausnahmef\u00e4llen wird die volle IP-Adresse an einen Server von Google in den USA \u00fcbertragen und dort gek\u00fcrzt. Die im Rahmen von Google Analytics von Ihrem Browser \u00fcbermittelte IP-Adresse wird nicht mit anderen Daten von Google zusammengef\u00fchrt.<\/p>\n<p>N\u00e4here Informationen zu Nutzungsbedingungen und Datenschutz finden Sie unter <a href=\"https:\/\/www.google.com\/analytics\/terms\/de.html und unter https:\/\/policies.google.com\/?hl=de\" target=\"_blank\" rel=\"noopener\">https:\/\/www.google.com\/analytics\/terms\/de.html und unter https:\/\/policies.google.com\/?hl=de<\/a>.<\/p>\n<p>Im Auftrag des Betreibers dieser Website wird Google diese Informationen benutzen, um Ihre Nutzung der Webseite auszuwerten, um Reports \u00fcber die Webseitenaktivit\u00e4ten zusammenzustellen und um weitere mit der Websitenutzung und der Internetnutzung verbundene Dienstleistungen gegen\u00fcber dem Webseitenbetreiber zu erbringen.<\/p>\n<p>Die von uns gesendeten und mit Cookies, Nutzerkennungen (z. B. User-ID) oder Werbe-IDs verkn\u00fcpften Daten werden nach 14 Monaten automatisch gel\u00f6scht. Die L\u00f6schung von Daten, deren Aufbewahrungsdauer erreicht ist, erfolgt automatisch einmal im Monat.<\/p>\n<h3>Widerruf der Einwilligung:<\/h3>\n<p>Sie k\u00f6nnen das Tracking durch Google Analytics auf unserer Website unterbinden, indem Sie <a title=\"Google Analytics Opt-Out-Cookie setzen\" href=\"#\">diesen Link anklicken<\/a>. Dabei wird ein Opt-out-Cookie auf Ihrem Ger\u00e4t installiert. Damit wird die Erfassung durch Google Analytics f\u00fcr diese Website und f\u00fcr diesen Browser zuk\u00fcnftig verhindert, solange das Cookie in Ihrem Browser installiert bleibt.<\/p>\n<p>Sie k\u00f6nnen dar\u00fcber hinaus die Speicherung der Cookies durch eine entsprechende Einstellung Ihrer Browser-Software verhindern; wir weisen Sie jedoch darauf hin, dass Sie in diesem Fall gegebenenfalls nicht s\u00e4mtliche Funktionen dieser Website vollumf\u00e4nglich werden nutzen k\u00f6nnen.<\/p>\n<p>Sie k\u00f6nnen dar\u00fcber hinaus die Erfassung der durch das Cookie erzeugten und auf Ihre Nutzung der Webseite bezogenen Daten (inkl. Ihrer IP-Adresse) an Google sowie die Verarbeitung dieser Daten durch Google verhindern, indem sie das unter dem folgenden Link verf\u00fcgbare Browser-Plugin herunterladen und installieren: <a href=\"http:\/\/tools.google.com\/dlpage\/gaoptout?hl=de\" target=\"_blank\" rel=\"noopener\">Browser Add On zur Deaktivierung von Google Analytics<\/a>.<\/p>\n<h2>Social Plugins<\/h2>\n<p>Auf unserer Website werden Social Plugins der unten aufgef\u00fchrten Anbieter eingesetzt. Die Plugins k\u00f6nnen Sie daran erkennen, dass sie mit dem entsprechenden Logo gekennzeichnet sind.<\/p>\n<p>\u00dcber diese Plugins werden unter Umst\u00e4nden Informationen, zu denen auch personenbezogene Daten geh\u00f6ren k\u00f6nnen, an den Dienstebetreiber gesendet und ggf. von diesem genutzt. Wir verhindern die unbewusste und ungewollte Erfassung und \u00dcbertragung von Daten an den Diensteanbieter durch eine 2-Klick-L\u00f6sung. Um ein gew\u00fcnschtes Social Plugin zu aktivieren, muss dieses erst durch Klick auf den entsprechenden Schalter aktiviert werden. Erst durch diese Aktivierung des Plugins wird auch die Erfassung von Informationen und deren \u00dcbertragung an den Diensteanbieter ausgel\u00f6st. Wir erfassen selbst keine personenbezogenen Daten mittels der Social Plugins oder \u00fcber deren Nutzung.<\/p>\n<p>Wir haben keinen Einfluss darauf, welche Daten ein aktiviertes Plugin erfasst und wie diese durch den Anbieter verwendet werden. Derzeit muss davon ausgegangen werden, dass eine direkte Verbindung zu den Diensten des Anbieters ausgebaut wird sowie mindestens die IP-Adresse und ger\u00e4tebezogene Informationen erfasst und genutzt werden. Ebenfalls besteht die M\u00f6glichkeit, dass die Diensteanbieter versuchen, Cookies auf dem verwendeten Rechner zu speichern. Welche konkreten Daten hierbei erfasst und wie diese genutzt werden, entnehmen Sie bitte den Datenschutzhinweisen des jeweiligen Diensteanbieters. Hinweis: Falls Sie zeitgleich bei Facebook angemeldet sind, kann Facebook Sie als Besucher einer bestimmten Seite identifizieren.<\/p>\n<p>Wir haben auf unserer Website die Social-Media-Buttons folgender Unternehmen eingebunden:<\/p>\n<p>Facebook<\/p>\n<hr \/>\n<h2>Information \u00fcber Ihr Widerspruchsrecht nach Art. 21 DSGVO<\/h2>\n<h3>Einzelfallbezogenes Widerspruchsrecht<\/h3>\n<p>Sie haben das Recht, aus Gr\u00fcnden, die sich aus Ihrer besonderen Situation ergeben, jederzeit gegen die Verarbeitung Sie betreffender personenbezogener Daten, die aufgrund Art. 6 Abs. 1 lit. f DSGVO (Datenverarbeitung auf der Grundlage einer Interessenabw\u00e4gung) erfolgt, Widerspruch einzulegen; dies gilt auch f\u00fcr ein auf diese Bestimmung gest\u00fctztes Profiling im Sinne von Art. 4 Nr. 4 DSGVO.<\/p>\n<p>Legen Sie Widerspruch ein, werden wir Ihre personenbezogenen Daten nicht mehr verarbeiten, es sei denn, wir k\u00f6nnen zwingende schutzw\u00fcrdige Gr\u00fcnde f\u00fcr die Verarbeitung nachweisen, die Ihre Interessen, Rechte und Freiheiten \u00fcberwiegen, oder die Verarbeitung dient der Geltendmachung, Aus\u00fcbung oder Verteidigung von Rechtsanspr\u00fcchen.<\/p>\n<h3>Empf\u00e4nger eines Widerspruchs<\/h3>\n<p>FWG-Stadtverband Borken (Hessen)<\/p>\n<p>Julian Bachmann<br \/>\nWiesenweg 4<br \/>\n34582 Borken (Hessen)<\/p>\n<hr \/>\n<h2>\u00c4nderung unserer Datenschutzbestimmungen<\/h2>\n<p>Wir behalten uns vor, diese Datenschutzerkl\u00e4rung anzupassen, damit sie stets den aktuellen rechtlichen Anforderungen entspricht oder um \u00c4nderungen unserer Leistungen in der Datenschutzerkl\u00e4rung umzusetzen, z.B. bei der Einf\u00fchrung neuer Services. F\u00fcr Ihren erneuten Besuch gilt dann die neue Datenschutzerkl\u00e4rung.<\/p>\n<h2>Fragen an den Datenschutzbeauftragten<\/h2>\n<p>Wenn Sie Fragen zum Datenschutz haben, schreiben Sie uns bitte eine E-Mail oder wenden Sie sich direkt an die f\u00fcr den Datenschutz verantwortliche Person in unserer Organisation:<\/p>\n<p>Julian Bachmann<\/p>\n<p>Wiesenweg 4<\/p>\n<p>34582 Borken (Hessen)<\/p>\n<p>Mail: kontakt@fwg-borken.de<\/p>\n<p><em>Die Datenschutzerkl\u00e4rung wurde mithilfe der activeMind AG erstellt, den Experten f\u00fcr <a href=\"https:\/\/www.activemind.de\/datenschutz\/datenschutzbeauftragter\/\" target=\"_blank\" rel=\"noopener\">externe Datenschutzbeauftragte<\/a> (Version #2020-09-30).<\/em><\/p>\n","protected":false},"excerpt":{"rendered":"<p>Datenschutzerkl\u00e4rung Verantwortlicher im Sinne der Datenschutzgesetze, insbesondere der EU-Datenschutzgrundverordnung (DSGVO), ist: FWG-Stadtverband Borken (Hessen) Betreuer der Website: Julian Bachmann Wiesenweg 4 34582 Borken (Hessen) Mail: kontakt@fwg-borken.de Ihre Betroffenenrechte Unter den angegebenen Kontaktdaten unseres Datenschutzbeauftragten k\u00f6nnen Sie jederzeit folgende Rechte aus\u00fcben: Auskunft \u00fcber Ihre bei uns gespeicherten Daten und deren Verarbeitung [&hellip;]<\/p>\n","protected":false},"author":1,"featured_media":0,"parent":0,"menu_order":0,"comment_status":"closed","ping_status":"closed","template":"","meta":{"footnotes":""},"class_list":["post-231","page","type-page","status-publish","hentry"],"jetpack_sharing_enabled":true,"_links":{"self":[{"href":"https:\/\/fwg-borken.de\/wp\/index.php?rest_route=\/wp\/v2\/pages\/231","targetHints":{"allow":["GET"]}}],"collection":[{"href":"https:\/\/fwg-borken.de\/wp\/index.php?rest_route=\/wp\/v2\/pages"}],"about":[{"href":"https:\/\/fwg-borken.de\/wp\/index.php?rest_route=\/wp\/v2\/types\/page"}],"author":[{"embeddable":true,"href":"https:\/\/fwg-borken.de\/wp\/index.php?rest_route=\/wp\/v2\/users\/1"}],"replies":[{"embeddable":true,"href":"https:\/\/fwg-borken.de\/wp\/index.php?rest_route=%2Fwp%2Fv2%2Fcomments&post=231"}],"version-history":[{"count":5,"href":"https:\/\/fwg-borken.de\/wp\/index.php?rest_route=\/wp\/v2\/pages\/231\/revisions"}],"predecessor-version":[{"id":779,"href":"https:\/\/fwg-borken.de\/wp\/index.php?rest_route=\/wp\/v2\/pages\/231\/revisions\/779"}],"wp:attachment":[{"href":"https:\/\/fwg-borken.de\/wp\/index.php?rest_route=%2Fwp%2Fv2%2Fmedia&parent=231"}],"curies":[{"name":"wp","href":"https:\/\/api.w.org\/{rel}","templated":true}]}}