{"id":698,"date":"2025-01-28T21:23:59","date_gmt":"2025-01-28T20:23:59","guid":{"rendered":"https:\/\/fwg-borken.de\/wp\/?page_id=698"},"modified":"2025-12-10T15:59:39","modified_gmt":"2025-12-10T14:59:39","slug":"wahl-2026","status":"publish","type":"page","link":"https:\/\/fwg-borken.de\/wp\/?page_id=698","title":{"rendered":"Wahl 2026"},"content":{"rendered":"\n<p class=\"has-text-align-center\"><strong>Erfolgreiche Listenaufstellung der FWG Borken f\u00fcr die Kommunalwahl 2026<\/strong><\/p>\n\n\n\n<figure class=\"wp-block-image\"><img loading=\"lazy\" decoding=\"async\" width=\"2182\" height=\"1000\" src=\"https:\/\/fwg-borken.de\/wp\/wp-content\/uploads\/2025\/12\/FWG-Borken-Gruppenbild-Kommunalwahl-2026_kleiner.jpg\" alt=\"\" class=\"wp-image-811\" srcset=\"https:\/\/fwg-borken.de\/wp\/wp-content\/uploads\/2025\/12\/FWG-Borken-Gruppenbild-Kommunalwahl-2026_kleiner.jpg 2182w, https:\/\/fwg-borken.de\/wp\/wp-content\/uploads\/2025\/12\/FWG-Borken-Gruppenbild-Kommunalwahl-2026_kleiner-300x137.jpg 300w, https:\/\/fwg-borken.de\/wp\/wp-content\/uploads\/2025\/12\/FWG-Borken-Gruppenbild-Kommunalwahl-2026_kleiner-1024x469.jpg 1024w, https:\/\/fwg-borken.de\/wp\/wp-content\/uploads\/2025\/12\/FWG-Borken-Gruppenbild-Kommunalwahl-2026_kleiner-768x352.jpg 768w, https:\/\/fwg-borken.de\/wp\/wp-content\/uploads\/2025\/12\/FWG-Borken-Gruppenbild-Kommunalwahl-2026_kleiner-1536x704.jpg 1536w, https:\/\/fwg-borken.de\/wp\/wp-content\/uploads\/2025\/12\/FWG-Borken-Gruppenbild-Kommunalwahl-2026_kleiner-2048x939.jpg 2048w, https:\/\/fwg-borken.de\/wp\/wp-content\/uploads\/2025\/12\/FWG-Borken-Gruppenbild-Kommunalwahl-2026_kleiner-175x80.jpg 175w\" sizes=\"auto, (max-width: 2182px) 100vw, 2182px\" \/><\/figure>\n\n\n\n<p>Die Freie W\u00e4hlergemeinschaft (FWG) Borken hat die Liste f\u00fcr die bevorstehende Kommunalwahl am 15. M\u00e4rz 2026 auf einer Listenversammlung am 28.11.2025 in Trockenerfurth aufgestellt. Die Entscheidung fiel w\u00e4hrend einer gut besuchten Mitgliederversammlung, bei der engagierte Kandidatinnen und Kandidaten pr\u00e4sentiert wurden, die sich f\u00fcr die zuk\u00fcnftige Entwicklung der Stadt Borken aktiv einsetzen m\u00f6chten.<\/p>\n\n\n\n<p>Die Liste setzt sich aus erfahrenen und neuen Personen aus allen gesellschaftlichen Bereichen der Gro\u00dfgemeinde zusammen, die sich durch Engagement und Verbundenheit mit den B\u00fcrgerinnen und B\u00fcrgern Borkens auszeichnen.<\/p>\n\n\n\n<p>Als Besonderheit und mit gro\u00dfer Freude stellt die FWG fest, dass es geschafft wurde, eine Liste mit 36 Kandidatinnen und Kandidaten aufstellen zu k\u00f6nnen. Dies ist in der heutigen Zeit keine Selbstverst\u00e4ndlichkeit mehr.<\/p>\n\n\n\n<p>Die FWG ist mit Blick auf die aufgestellte Liste \u00fcberzeugt, dass die Interessen der B\u00fcrgerinnen und B\u00fcrger in Borken und den Ortsteilen bestm\u00f6glich vertreten werden. Mit frischen Ideen und einem klaren Ziel vor Augen m\u00f6chten wir die Zukunft unserer Stadt weiter in f\u00fchrender Rolle gestalten.<\/p>\n\n\n\n<p>Angef\u00fchrt wird die Liste durch den amtierenden Fraktionsvorsitzenden Julian Bachmann aus Kleinenglis, gefolgt von Stadtverordnetenvorsteher Michael Weber aus der Kernstadt. Auf Platz 3 folgt der Fraktionsgesch\u00e4ftsf\u00fchrer Peter Schellenberg aus Arnsbach.<\/p>\n\n\n\n<p>Mit Horst Simmen aus Gro\u00dfenenglis, J\u00fcrgen Zaschke aus Singlis und Herbert Kraft aus Trockenerfurth stellt die FWG drei amtierende Ortsvorsteher auf ihrer Liste auf. Zudem kandidieren auf der Liste f\u00fcnf stellvertretende Ortsvorsteher aus der aktuellen Legislatur.<\/p>\n\n\n\n<p>Ein starkes Zeichen daf\u00fcr, wie gut die FWG von der Kernstadt \u00fcber alle Ortsteile hinaus vernetzt und aufgestellt ist.<\/p>\n\n\n\n<p><strong>Kandidatenliste<\/strong><\/p>\n\n\n\n<p>Die ersten 10 Kandidatinnen und Kandidaten der FWG Borken sind:<\/p>\n\n\n\n<ol start=\"1\" class=\"wp-block-list\">\n<li>Julian Bachmann, Kleinenglis<\/li>\n\n\n\n<li>Michael Weber, Kernstadt<\/li>\n\n\n\n<li>Peter Schellenberg, Arnsbach<\/li>\n\n\n\n<li>Daniela Weber, Kernstadt<\/li>\n\n\n\n<li>Andreas Nintz, Nassenerfurth<\/li>\n\n\n\n<li>Sezer Ay, Trockenerfurth<\/li>\n\n\n\n<li>Jens Hellmuth, Kerstenhausen<\/li>\n\n\n\n<li>Horst Simmen, Gro\u00dfenenglis<\/li>\n\n\n\n<li>R\u00fcdiger Staffel, Trockenerfurth<\/li>\n\n\n\n<li>Olaf Hilgenberg, Kernstadt<\/li>\n<\/ol>\n\n\n\n<p>Die FWG Borken bedankt sich bei allen Mitgliedern f\u00fcr ihre Unterst\u00fctzung und ihre Bereitschaft, Verantwortung zu \u00fcbernehmen, um die Lebensqualit\u00e4t in Borken weiter zu verbessern und unsere Stadt voran zu bringen.<\/p>\n\n\n\n<p><\/p>\n\n\n\n<p><\/p>\n\n\n\n<p><\/p>\n\n\n\n<p class=\"has-text-align-center has-vivid-red-color has-text-color has-link-color has-large-font-size wp-elements-99bbdc65916642903047267af19bbf86\"><strong>Erste Veranstaltung am 23.04.2025!<\/strong><\/p>\n\n\n\n<figure class=\"wp-block-image size-large\"><img loading=\"lazy\" decoding=\"async\" width=\"1024\" height=\"1024\" src=\"https:\/\/fwg-borken.de\/wp\/wp-content\/uploads\/2025\/03\/FWG-Einladung-Stammtisch-01-23.04.2025--1024x1024.jpg\" alt=\"\" class=\"wp-image-734\" srcset=\"https:\/\/fwg-borken.de\/wp\/wp-content\/uploads\/2025\/03\/FWG-Einladung-Stammtisch-01-23.04.2025--1024x1024.jpg 1024w, https:\/\/fwg-borken.de\/wp\/wp-content\/uploads\/2025\/03\/FWG-Einladung-Stammtisch-01-23.04.2025--300x300.jpg 300w, https:\/\/fwg-borken.de\/wp\/wp-content\/uploads\/2025\/03\/FWG-Einladung-Stammtisch-01-23.04.2025--150x150.jpg 150w, https:\/\/fwg-borken.de\/wp\/wp-content\/uploads\/2025\/03\/FWG-Einladung-Stammtisch-01-23.04.2025--768x768.jpg 768w, https:\/\/fwg-borken.de\/wp\/wp-content\/uploads\/2025\/03\/FWG-Einladung-Stammtisch-01-23.04.2025--1536x1536.jpg 1536w, https:\/\/fwg-borken.de\/wp\/wp-content\/uploads\/2025\/03\/FWG-Einladung-Stammtisch-01-23.04.2025--80x80.jpg 80w, https:\/\/fwg-borken.de\/wp\/wp-content\/uploads\/2025\/03\/FWG-Einladung-Stammtisch-01-23.04.2025-.jpg 1772w\" sizes=\"auto, (max-width: 1024px) 100vw, 1024px\" \/><\/figure>\n\n\n\n<p><\/p>\n\n\n\n<p><\/p>\n\n\n\n<p class=\"has-text-align-center has-white-color has-vivid-cyan-blue-background-color has-text-color has-background has-link-color wp-elements-e8f38ee06f67b6478e2ab3820d5b31ce\"><strong>Sie haben Interesse, sich kommunalpolitisch f\u00fcr Ihre Stadt zu engagieren? Sprechen Sie uns gerne an<\/strong> <strong>oder nutzen Sie unser &gt;&gt; <a href=\"https:\/\/fwg-borken.de\/wp\/?page_id=694\" data-type=\"page\" data-id=\"694\">Kontaktformular<\/a><\/strong> &lt;&lt;<\/p>\n\n\n\n<p class=\"has-text-align-center\"><strong>Die FWG Borken engagiert sich seit Jahrzenten erfolgreich zum Wohle der Stadt Borken.<\/strong><\/p>\n\n\n\n<p class=\"has-text-align-center\"><strong>Ob Kernstadt oder Ortsteile \u2013 wir packen die Dinge b\u00fcrgernah, sachbezogen &amp; transparent an<\/strong>!<\/p>\n","protected":false},"excerpt":{"rendered":"<p>Erfolgreiche Listenaufstellung der FWG Borken f\u00fcr die Kommunalwahl 2026 Die Freie W\u00e4hlergemeinschaft (FWG) Borken hat die Liste f\u00fcr die bevorstehende Kommunalwahl am 15. M\u00e4rz 2026 auf einer Listenversammlung am 28.11.2025 in Trockenerfurth aufgestellt. Die Entscheidung fiel w\u00e4hrend einer gut besuchten Mitgliederversammlung, bei der engagierte Kandidatinnen und Kandidaten pr\u00e4sentiert wurden, die [&hellip;]<\/p>\n","protected":false},"author":3,"featured_media":0,"parent":0,"menu_order":0,"comment_status":"closed","ping_status":"closed","template":"","meta":{"footnotes":""},"class_list":["post-698","page","type-page","status-publish","hentry"],"jetpack_sharing_enabled":true,"_links":{"self":[{"href":"https:\/\/fwg-borken.de\/wp\/index.php?rest_route=\/wp\/v2\/pages\/698","targetHints":{"allow":["GET"]}}],"collection":[{"href":"https:\/\/fwg-borken.de\/wp\/index.php?rest_route=\/wp\/v2\/pages"}],"about":[{"href":"https:\/\/fwg-borken.de\/wp\/index.php?rest_route=\/wp\/v2\/types\/page"}],"author":[{"embeddable":true,"href":"https:\/\/fwg-borken.de\/wp\/index.php?rest_route=\/wp\/v2\/users\/3"}],"replies":[{"embeddable":true,"href":"https:\/\/fwg-borken.de\/wp\/index.php?rest_route=%2Fwp%2Fv2%2Fcomments&post=698"}],"version-history":[{"count":9,"href":"https:\/\/fwg-borken.de\/wp\/index.php?rest_route=\/wp\/v2\/pages\/698\/revisions"}],"predecessor-version":[{"id":814,"href":"https:\/\/fwg-borken.de\/wp\/index.php?rest_route=\/wp\/v2\/pages\/698\/revisions\/814"}],"wp:attachment":[{"href":"https:\/\/fwg-borken.de\/wp\/index.php?rest_route=%2Fwp%2Fv2%2Fmedia&parent=698"}],"curies":[{"name":"wp","href":"https:\/\/api.w.org\/{rel}","templated":true}]}}